{"id":143,"date":"2020-02-20T12:34:16","date_gmt":"2020-02-20T12:34:16","guid":{"rendered":"https:\/\/www.balarisimontessori.com\/?page_id=143"},"modified":"2020-02-25T12:56:41","modified_gmt":"2020-02-25T12:56:41","slug":"montessori-nedir","status":"publish","type":"page","link":"https:\/\/www.balarisimontessori.com\/index.php\/montessori\/montessori-nedir\/","title":{"rendered":"Montessori Nedir?"},"content":{"rendered":"<div>\n<p>\u201cTek ba\u015f\u0131ma yapabilmem i\u00e7in bana yard\u0131m et. Ve nas\u0131l yap\u0131ld\u0131\u011f\u0131n\u0131 bana g\u00f6ster. Bunu benim i\u00e7in yapma. Kendim yapabilirim ve yapmak isterim. Bana nas\u0131l yapaca\u011f\u0131m\u0131 \u00f6\u011fretirken sabret. Bu belki uzun s\u00fcrebilir. Ve belki daha uzun zamana ihtiyac\u0131m var. Fakat bilmelisin ki birka\u00e7 deneme ile yapaca\u011f\u0131m \u015feyi ba\u015farmak isterim. Hata yapabilme ihtimalim oldu\u011funu da d\u00fc\u015f\u00fcnmelisin. Ama unutma ki ben sadece bu hatalarla ger\u00e7ek manada bir \u015feyler \u00f6\u011frenebilirim.\u201d<\/p>\n<\/div>\n<div dir=\"ltr\">Maria Montessori<\/div>\n<div dir=\"ltr\"><\/div>\n<div dir=\"ltr\"><img loading=\"lazy\" class=\"alignnone size-large wp-image-144\" src=\"https:\/\/www.balarisimontessori.com\/wp-content\/uploads\/2020\/02\/image1-1-841x1024.jpeg\" alt=\"\" width=\"770\" height=\"938\" srcset=\"https:\/\/www.balarisimontessori.com\/wp-content\/uploads\/2020\/02\/image1-1-841x1024.jpeg 841w, https:\/\/www.balarisimontessori.com\/wp-content\/uploads\/2020\/02\/image1-1-246x300.jpeg 246w, https:\/\/www.balarisimontessori.com\/wp-content\/uploads\/2020\/02\/image1-1-768x935.jpeg 768w, https:\/\/www.balarisimontessori.com\/wp-content\/uploads\/2020\/02\/image1-1.jpeg 1242w\" sizes=\"(max-width: 770px) 100vw, 770px\" \/><img loading=\"lazy\" class=\"alignnone size-large wp-image-145\" src=\"https:\/\/www.balarisimontessori.com\/wp-content\/uploads\/2020\/02\/image0-837x1024.jpeg\" alt=\"\" width=\"770\" height=\"942\" srcset=\"https:\/\/www.balarisimontessori.com\/wp-content\/uploads\/2020\/02\/image0-837x1024.jpeg 837w, https:\/\/www.balarisimontessori.com\/wp-content\/uploads\/2020\/02\/image0-245x300.jpeg 245w, https:\/\/www.balarisimontessori.com\/wp-content\/uploads\/2020\/02\/image0-768x939.jpeg 768w, https:\/\/www.balarisimontessori.com\/wp-content\/uploads\/2020\/02\/image0.jpeg 1242w\" sizes=\"(max-width: 770px) 100vw, 770px\" \/><\/div>\n<div dir=\"ltr\">Montessori\u2019nin e\u011fitim metodu, \u00e7ocu\u011fa bak\u0131\u015f\u0131 sebebiyle geleneksel e\u011fitim anlay\u0131\u015f\u0131ndan \u00e7ok farkl\u0131d\u0131r. Maria Montessori\u2019ye g\u00f6re \u201c\u00c7ocuk i\u00e7in \u00f6nemli olan benlik geli\u015fimidir. Kendi \u00f6z kaynaklar\u0131n\u0131 ve yabanc\u0131, karma\u015f\u0131k d\u00fcnya ile ba\u015fa \u00e7\u0131kma becerisini geli\u015ftirmeye gereksinimi vard\u0131r. Bir yeti\u015fkinin g\u00f6zleriyle de\u011fil, duyular\u0131 yoluyla, kendisi i\u00e7in \u00f6\u011frenmek, g\u00f6rmek ve yapmak ister. \u00c7ocuk bunlar\u0131 d\u00fcnya ile uyum i\u00e7inde ba\u015fard\u0131\u011f\u0131 zaman, tam bir ki\u015fi olmaya ba\u015flar. O zaman e\u011fitilmi\u015ftir.\u201d<br \/>\nMaria Montessori tasarlad\u0131\u011f\u0131 e\u011fitim metodunu \u00f6zg\u00fcven, hedef belirleme ve hedefe y\u00f6nelme, karar verme ve uygulama, ba\u011f\u0131ms\u0131zl\u0131k, g\u00fc\u00e7l\u00fc konsantrasyon, kendine ve \u00e7evresindekilere sayg\u0131 ilkeleri \u00fcst\u00fcne kurdu ve geli\u015ftirdi.<br \/>\nG\u00f6zlemleri s\u0131ras\u0131nda \u00e7ocuklar\u0131n kendi kendilerine yeterli olmalar\u0131n\u0131 sa\u011flayacak becerileri geli\u015ftirmeye \u00e7al\u0131\u015ft\u0131klar\u0131n\u0131 g\u00f6rd\u00fc. Montessori daha o y\u0131llarda \u00e7ocu\u011fun beyin, zihin ve ki\u015filik geli\u015fiminin \u00e7ok b\u00fcy\u00fck bir k\u0131sm\u0131n\u0131n ilk alt\u0131 ya\u015fta tamamland\u0131\u011f\u0131n\u0131 vurgulam\u0131\u015ft\u0131r. Bu y\u00fczden Montessori Y\u00f6ntemi\u2019ni geleneksel e\u011fitim y\u00f6ntemlerinden ay\u0131ran en \u00f6nemli farkl\u0131l\u0131k \u00e7ocu\u011fa sayg\u0131 duymak ve \u00f6zg\u00fcvenli \u00e7ocuk yeti\u015ftirmektir.<\/div>\n<div dir=\"ltr\"><\/div>\n<div dir=\"ltr\"><img loading=\"lazy\" class=\"alignnone size-large wp-image-146\" src=\"https:\/\/www.balarisimontessori.com\/wp-content\/uploads\/2020\/02\/image2-1-1024x749.jpeg\" alt=\"\" width=\"770\" height=\"563\" srcset=\"https:\/\/www.balarisimontessori.com\/wp-content\/uploads\/2020\/02\/image2-1-1024x749.jpeg 1024w, https:\/\/www.balarisimontessori.com\/wp-content\/uploads\/2020\/02\/image2-1-300x219.jpeg 300w, https:\/\/www.balarisimontessori.com\/wp-content\/uploads\/2020\/02\/image2-1-768x561.jpeg 768w, https:\/\/www.balarisimontessori.com\/wp-content\/uploads\/2020\/02\/image2-1.jpeg 1242w\" sizes=\"(max-width: 770px) 100vw, 770px\" \/><\/div>\n","protected":false},"excerpt":{"rendered":"<p>\u201cTek ba\u015f\u0131ma yapabilmem i\u00e7in bana yard\u0131m et. Ve nas\u0131l yap\u0131ld\u0131\u011f\u0131n\u0131 bana g\u00f6ster. Bunu benim i\u00e7in yapma. Kendim yapabilirim ve yapmak isterim. Bana nas\u0131l yapaca\u011f\u0131m\u0131 \u00f6\u011fretirken sabret. Bu belki uzun s\u00fcrebilir. Ve belki daha uzun zamana ihtiyac\u0131m var. Fakat bilmelisin ki birka\u00e7 deneme ile yapaca\u011f\u0131m \u015feyi ba\u015farmak isterim. Hata yapabilme ihtimalim oldu\u011funu da d\u00fc\u015f\u00fcnmelisin. Ama unutma<\/p>\n","protected":false},"author":1,"featured_media":0,"parent":47,"menu_order":0,"comment_status":"closed","ping_status":"closed","template":"","meta":[],"_links":{"self":[{"href":"https:\/\/www.balarisimontessori.com\/index.php\/wp-json\/wp\/v2\/pages\/143"}],"collection":[{"href":"https:\/\/www.balarisimontessori.com\/index.php\/wp-json\/wp\/v2\/pages"}],"about":[{"href":"https:\/\/www.balarisimontessori.com\/index.php\/wp-json\/wp\/v2\/types\/page"}],"author":[{"embeddable":true,"href":"https:\/\/www.balarisimontessori.com\/index.php\/wp-json\/wp\/v2\/users\/1"}],"replies":[{"embeddable":true,"href":"https:\/\/www.balarisimontessori.com\/index.php\/wp-json\/wp\/v2\/comments?post=143"}],"version-history":[{"count":3,"href":"https:\/\/www.balarisimontessori.com\/index.php\/wp-json\/wp\/v2\/pages\/143\/revisions"}],"predecessor-version":[{"id":200,"href":"https:\/\/www.balarisimontessori.com\/index.php\/wp-json\/wp\/v2\/pages\/143\/revisions\/200"}],"up":[{"embeddable":true,"href":"https:\/\/www.balarisimontessori.com\/index.php\/wp-json\/wp\/v2\/pages\/47"}],"wp:attachment":[{"href":"https:\/\/www.balarisimontessori.com\/index.php\/wp-json\/wp\/v2\/media?parent=143"}],"curies":[{"name":"wp","href":"https:\/\/api.w.org\/{rel}","templated":true}]}}