{"id":184,"date":"2020-02-25T12:08:34","date_gmt":"2020-02-25T12:08:34","guid":{"rendered":"https:\/\/www.balarisimontessori.com\/?page_id=184"},"modified":"2020-02-25T12:08:34","modified_gmt":"2020-02-25T12:08:34","slug":"rehberlik-servisinin-calisma-sistemi","status":"publish","type":"page","link":"https:\/\/www.balarisimontessori.com\/index.php\/rehberlik-servisinin-calisma-sistemi\/","title":{"rendered":"REHBERL\u0130K SERV\u0130S\u0130N\u0130N \u00c7ALI\u015eMA S\u0130STEM\u0130"},"content":{"rendered":"<p>1- Okul Rehberlik \u00c7er\u00e7eve Plan\u0131n\u0131n Haz\u0131rlanmas\u0131:<br \/>\nBalar\u0131s\u0131 Montessori Anaokulu ko\u015fullar\u0131 ve ihtiya\u00e7lar\u0131 g\u00f6z \u00f6n\u00fcne al\u0131narak her sene ba\u015f\u0131nda rehber \u00f6\u011fretmen taraf\u0131ndan haz\u0131rlan\u0131r. S\u0131n\u0131f rehberlik planlar\u0131 s\u0131n\u0131f \u00f6\u011fretmenleri taraf\u0131ndan d\u00fczenlenir. Planda yer alan rehberlik etkinlikleri rehber \u00f6\u011fretmen koordinesinde ayl\u0131k olarak s\u0131n\u0131f \u00f6\u011fretmenleri taraf\u0131ndan uygulan\u0131r.<\/p>\n<p>2- Rehberlik Hizmetleri Y\u00fcr\u00fctme Kurulu \u00c7al\u0131\u015fmalar\u0131: Sene i\u00e7inde en az 3 kere yap\u0131lan rehberlik faaliyetleri de\u011ferlendirilir ve yap\u0131labilecek olan \u00e7al\u0131\u015fmalar belirlenir.<\/p>\n<p>3- Oryantasyon \u00c7al\u0131\u015fmalar\u0131: Okulumuza yeni kay\u0131t olan \u00f6\u011frenci ve velilere gerekli yard\u0131m s\u00fcreci ger\u00e7ekle\u015ftirilir.<\/p>\n<p>4- \u00d6\u011frenci G\u00f6zlemleri: Velinin ya da s\u0131n\u0131f \u00f6\u011fretmeninin rehberlik birimine ba\u015fvurmas\u0131 ile \u00f6\u011frenci g\u00f6zlemleri yap\u0131l\u0131r.<\/p>\n<p>5- Veli Seminerleri: Her ay d\u00fczenli olarak, velilerin ihtiya\u00e7 duyaca\u011f\u0131 d\u00fc\u015f\u00fcn\u00fclen konularda veli seminerleri d\u00fczenlenir.<\/p>\n<p>6-Rehberlik Panosu: Bilgilendirici yaz\u0131lar ve duyurular bu panoda sergilenir.<\/p>\n<p>7-Bireysel G\u00f6r\u00fc\u015fmeler:Okulumuzda haftan\u0131n iki g\u00fcn\u00fc 08.30-17:00 saatleri aras\u0131nda velilerimizin ihtiya\u00e7lar\u0131 \u00fczerine veya Rehberlik Birimi\u2019nin gerekli g\u00f6rd\u00fc\u011f\u00fc durumlarda randevu sistemi ile bireysel rehberlik ve psikolojik dan\u0131\u015fma hizmeti verilmektedir. Okul psikolojik dan\u0131\u015fman\u0131 g\u00f6r\u00fc\u015fmeler sonras\u0131nda gerekli g\u00f6rd\u00fc\u011f\u00fc durumlarda \u00f6\u011frencileri RAM\u2019a ya da \u00e7ocuk psikiyatrisine y\u00f6nlendirebilir.<\/p>\n<p>8-Geli\u015fimsel Testler: Rehber \u00f6\u011fretmenin gerekli buldu\u011fu durumlarda ve s\u0131n\u0131f \u00f6\u011fretmeninin y\u00f6nlendirmesiyle, ihtiya\u00e7 halinde, \u00f6\u011frencinin geli\u015fim alanlar\u0131n\u0131 de\u011ferlendiren test \u00e7al\u0131\u015fmalar\u0131 yap\u0131l\u0131r.<\/p>\n<p>Bu testler \u015funlard\u0131r:<br \/>\n-Okula Haz\u0131rl\u0131k De\u011ferlendirme Testi<br \/>\n-Frostig Geli\u015fimsel G\u00f6rsel Alg\u0131 Testi<br \/>\n-Ankara Geli\u015fim Tarama Envanteri<br \/>\n-Koppitz \u0130nsan \u00c7izim Testi<br \/>\n-Peabody Resim Kelime Testi<br \/>\n-Bender Gestalt Testi<br \/>\n-Louissa Duss Psikanalitik Hikayeler Testi<br \/>\n-Benton Kognitif Fonksiyonlar ve G\u00f6rsel Haf\u0131za Testi<\/p>\n","protected":false},"excerpt":{"rendered":"<p>1- Okul Rehberlik \u00c7er\u00e7eve Plan\u0131n\u0131n Haz\u0131rlanmas\u0131: Balar\u0131s\u0131 Montessori Anaokulu ko\u015fullar\u0131 ve ihtiya\u00e7lar\u0131 g\u00f6z \u00f6n\u00fcne al\u0131narak her sene ba\u015f\u0131nda rehber \u00f6\u011fretmen taraf\u0131ndan haz\u0131rlan\u0131r. S\u0131n\u0131f rehberlik planlar\u0131 s\u0131n\u0131f \u00f6\u011fretmenleri taraf\u0131ndan d\u00fczenlenir. Planda yer alan rehberlik etkinlikleri rehber \u00f6\u011fretmen koordinesinde ayl\u0131k olarak s\u0131n\u0131f \u00f6\u011fretmenleri taraf\u0131ndan uygulan\u0131r. 2- Rehberlik Hizmetleri Y\u00fcr\u00fctme Kurulu \u00c7al\u0131\u015fmalar\u0131: Sene i\u00e7inde en az 3 kere<\/p>\n","protected":false},"author":1,"featured_media":0,"parent":0,"menu_order":0,"comment_status":"closed","ping_status":"closed","template":"","meta":[],"_links":{"self":[{"href":"https:\/\/www.balarisimontessori.com\/index.php\/wp-json\/wp\/v2\/pages\/184"}],"collection":[{"href":"https:\/\/www.balarisimontessori.com\/index.php\/wp-json\/wp\/v2\/pages"}],"about":[{"href":"https:\/\/www.balarisimontessori.com\/index.php\/wp-json\/wp\/v2\/types\/page"}],"author":[{"embeddable":true,"href":"https:\/\/www.balarisimontessori.com\/index.php\/wp-json\/wp\/v2\/users\/1"}],"replies":[{"embeddable":true,"href":"https:\/\/www.balarisimontessori.com\/index.php\/wp-json\/wp\/v2\/comments?post=184"}],"version-history":[{"count":1,"href":"https:\/\/www.balarisimontessori.com\/index.php\/wp-json\/wp\/v2\/pages\/184\/revisions"}],"predecessor-version":[{"id":185,"href":"https:\/\/www.balarisimontessori.com\/index.php\/wp-json\/wp\/v2\/pages\/184\/revisions\/185"}],"wp:attachment":[{"href":"https:\/\/www.balarisimontessori.com\/index.php\/wp-json\/wp\/v2\/media?parent=184"}],"curies":[{"name":"wp","href":"https:\/\/api.w.org\/{rel}","templated":true}]}}